{"id":985,"date":"2024-01-10T09:49:40","date_gmt":"2024-01-10T09:49:40","guid":{"rendered":"https:\/\/www.criticalservice.it\/?page_id=985"},"modified":"2024-01-10T10:16:03","modified_gmt":"2024-01-10T10:16:03","slug":"cookie-policy","status":"publish","type":"page","link":"https:\/\/www.criticalservice.it\/index.php\/cookie-policy\/","title":{"rendered":"Cookie Policy"},"content":{"rendered":"<p>[et_pb_section fb_built=&#8221;1&#8243; admin_label=&#8221;Hero&#8221; _builder_version=&#8221;4.23.4&#8243; use_background_color_gradient=&#8221;on&#8221; background_color_gradient_direction=&#8221;60deg&#8221; background_color_gradient_stops=&#8221;#8834fd 0%|#c756ec 100%&#8221; background_color_gradient_start=&#8221;#8834fd&#8221; background_color_gradient_end=&#8221;#c756ec&#8221; background_image=&#8221;https:\/\/www.criticalservice.it\/wp-content\/uploads\/2024\/01\/Banner-Cookie-Policy.png&#8221; custom_padding=&#8221;100px|0px|100px|0px&#8221; global_colors_info=&#8221;{}&#8221;][et_pb_row _builder_version=&#8221;4.23.4&#8243; _module_preset=&#8221;default&#8221; global_colors_info=&#8221;{}&#8221;][et_pb_column type=&#8221;4_4&#8243; _builder_version=&#8221;4.23.4&#8243; _module_preset=&#8221;default&#8221; global_colors_info=&#8221;{}&#8221;][et_pb_text _builder_version=&#8221;4.23.4&#8243; _module_preset=&#8221;default&#8221; text_font=&#8221;Poppins|700|||||||&#8221; text_text_color=&#8221;#FFFFFF&#8221; text_font_size=&#8221;66px&#8221; text_line_height=&#8221;1em&#8221; text_orientation=&#8221;center&#8221; locked=&#8221;off&#8221; global_colors_info=&#8221;{}&#8221;]<\/p>\n<p>Cookie Policy<\/p>\n<p>[\/et_pb_text][et_pb_divider divider_weight=&#8221;13px&#8221; _builder_version=&#8221;4.23.4&#8243; _module_preset=&#8221;default&#8221; global_colors_info=&#8221;{}&#8221;][\/et_pb_divider][\/et_pb_column][\/et_pb_row][\/et_pb_section][et_pb_section fb_built=&#8221;1&#8243; _builder_version=&#8221;4.16&#8243; background_color=&#8221;#fafafc&#8221; module_alignment=&#8221;center&#8221; custom_padding=&#8221;100px|0px|100px|0px&#8221; global_colors_info=&#8221;{}&#8221;][et_pb_row _builder_version=&#8221;4.23.4&#8243; _module_preset=&#8221;default&#8221; global_colors_info=&#8221;{}&#8221;][et_pb_column type=&#8221;4_4&#8243; _builder_version=&#8221;4.23.4&#8243; _module_preset=&#8221;default&#8221; global_colors_info=&#8221;{}&#8221;][et_pb_text _builder_version=&#8221;4.23.4&#8243; _module_preset=&#8221;default&#8221; text_font=&#8221;Poppins|300|||||||&#8221; text_text_color=&#8221;#000000&#8243; text_font_size=&#8221;21px&#8221; text_line_height=&#8221;1.9em&#8221; hover_enabled=&#8221;0&#8243; global_colors_info=&#8221;{}&#8221; sticky_enabled=&#8221;0&#8243;]<\/p>\n<p>Di seguito vi informiamo circa l\u2019operativit\u00e0 dei cookie sul sito web\u00a0<a href=\"https:\/\/www.criticalservice.it\/\">https:\/\/www.criticalservice.it\/<\/a>. Il nostro sito web utilizza cookie\u00a0 \u00a0e tecnologie simili per garantire il corretto funzionamento dei servizi offerti e migliorare l\u2019esperienza di uso delle applicazioni online. Il presente documento fornisce informazioni dettagliate sull\u2019uso dei cookie e di tecnologie similari, su come sono utilizzati e su come gestirli. Per accedere immediatamente all\u2019informazione completa (ai sensi dell\u2019art. 13 del Regolamento Europeo 2016\/679) occorre cliccare\u00a0<span style=\"text-decoration: underline;\"><a href=\"https:\/\/www.criticalservice.it\/?page_id=995&amp;et_fb=1&amp;PageSpeed=off\">qui<\/a><\/span>.<\/p>\n<p>&nbsp;<\/p>\n<p><strong>Definizione di cookie<\/strong><\/p>\n<p>I cookie sono piccoli file di testo inviati dal sito web e scaricati sul dispositivo dell\u2019utente (solitamente al browser) dove vengono memorizzati per essere poi ritrasmessi al sito web che li ha originati (cookie di prime parti) o a un altro sito che li riconosce (cookie di terze parti) alla successiva visita del medesimo utente. Proprio grazie ai cookie un sito ricorda le azioni e preferenze dell\u2019utente (come, ad esempio, i dati di login, la lingua prescelta, le dimensioni dei caratteri, altre impostazioni di visualizzazione, ecc.) in modo che non debbano essere indicate nuovamente quando l\u2019utente torni a visitare detto sito o navighi da una pagina all\u2019altra di esso. Ogni cookie \u00e8 unico per il web browser dell\u2019utente e viene memorizzato, in base alle preferenze dell\u2019utente, dal singolo\u00a0browser\u00a0sullo specifico dispositivo utilizzato (computer, tablet, smartphone) consentendo a un sito web di riconoscere il dispositivo dell\u2019utente. Alcune operazioni non potrebbero essere compiute senza l\u2019uso dei cookie, che in certi casi sono quindi tecnicamente necessari per lo stesso funzionamento del sito. Si intende far riferimento ai cookie e a tutte le tecnologie similari utilizzando semplicemente il termine \u201ccookie\u201d.<\/p>\n<p>&nbsp;<\/p>\n<p><strong>Finalit\u00e0 del trattamento e scopi dei cookie<\/strong><\/p>\n<p>I cookie utilizzati sul web hanno la finalit\u00e0 di eseguire autenticazioni informatiche, monitoraggio di sessioni e memorizzazione di informazioni tecniche riguardanti le attivit\u00e0 degli utenti che accedono ad un sito e possono contenere anche un codice identificativo unico che consente di tenere traccia della navigazione dell\u2019utente all\u2019interno del sito stesso per finalit\u00e0 statistiche o pubblicitarie. Alcune operazioni sul web non potrebbero essere compiute senza l\u2019uso dei cookie, che in tali casi sono quindi tecnicamente necessari ed indispensabili per consentire di navigare efficacemente tra le pagine web, ricordare i siti preferiti e, in generale, migliorare l\u2019esperienza di navigazione. I cookie consentono infatti al server web di memorizzare sul dispositivo informazioni da riutilizzare nel corso della medesima visita al sito (cookie di sessione: restano attivi solo fino alla chiusura del browser o all\u2019esecuzione del comando di logout) o anche in successive visite dell\u2019utente (cookie persistenti: sopravvivono alla chiusura del browser e permangono sul dispositivo dell\u2019utente fino ad una scadenza prestabilita).<\/p>\n<p>Ai sensi del Provvedimento dell\u20198 maggio 2014 recante \u201cIndividuazione delle modalit\u00e0 semplificate per l\u2019informativa e l\u2019acquisizione del consenso per l\u2019uso dei cookie\u201d e del Provvedimento n. 231 del 10 giugno 2021 recante \u201cLinee guida cookie e altri strumenti di tracciamento\u201d, in base alle caratteristiche e all\u2019utilizzo dei cookie, si possono individuare due macro-categorie: cookie \u201c<em>tecnici<\/em>\u201d e cookie \u201c<em>profilanti<\/em>\u201d.<\/p>\n<p>&nbsp;<\/p>\n<ul>\n<li><strong>Cookie tecnici<\/strong><\/li>\n<\/ul>\n<p>I cookie tecnici sono quelli utilizzati al solo fine di effettuare la trasmissione di una comunicazione su una rete di comunicazione elettronica, o nella misura strettamente necessaria per erogare un servizio esplicitamente richiesto dall\u2019utente. I cookie tecnici, per l\u2019installazione dei quali non \u00e8 richiesto il preventivo consenso degli utenti, sono essenziali per consentire di navigare in un sito web e utilizzarne tutte le funzionalit\u00e0. Si tratta, in altre parole, di cookie indispensabili per garantire la normale navigazione o necessari per consentire la fruizione del sito stesso (come ad esempio, Internet Protocol address (IP), tipo di browser e parametri del dispositivo usato per connettersi al sito, nome dell\u2019internet service provider (ISP), data e orario di visita, pagina web di provenienza del visitatore (referral) e di uscita, numero di click); un cookie di questo tipo viene inoltre utilizzato per memorizzare la decisione di un utente sull\u2019utilizzo dei cookie sul sito web. Tra i cookie tecnici sono individuati: cookie di navigazione o di sessione (consentono, ad esempio, di realizzare un acquisto o di autenticarsi per accedere ad aree riservate o, semplicemente, di memorizzare la decisione di un utente sull\u2019utilizzo dei cookie sul sito); cookie analitici (o performance cookie) assimilati ai cookie tecnici laddove utilizzati direttamente dal gestore del sito per raccogliere informazioni, in forma aggregata, per scopi statistici (sugli accessi o sul numero degli utenti e su come questi visitano il sito stesso o su quali pagine sono pi\u00f9 frequentemente visitate) per migliorarne il funzionamento; cookie di funzionalit\u00e0, che consentono all\u2019utente la navigazione in funzione di una serie di criteri selezionati (ad esempio, la lingua, i prodotti selezionati per l\u2019acquisto) al fine di migliorare il servizio reso allo stesso.<\/p>\n<p>&nbsp;<\/p>\n<ul>\n<li><strong>Cookie profilanti<\/strong><\/li>\n<\/ul>\n<p>I cookie di profilazione sono utilizzati (a mero titolo esplicativo, poich\u00e9 il sito <a href=\"https:\/\/www.criticalservice.it\/\">https:\/\/www.criticalservice.it\/<\/a> non ne fa uso) per creare profili relativi agli utenti durante la navigazione e sono finalizzati ad analizzarne i movimenti, le abitudini di consultazione o di consumo (cosa comprano, cosa leggono, ecc.) oltre che a memorizzare le scelte che gli stessi fanno sul sito e\/o i servizi che vengono espressamente richiesti, al fine di garantire servizi sempre pi\u00f9 avanzati volti a pubblicare contenuti personalizzati (come, ad esempio, banner pubblicitari, immagini, video, ecc.) mirati ad un utente ed ai suoi interessi o ad inviare messaggi pubblicitari in linea con le preferenze manifestate dallo stesso nell\u2019ambito della navigazione in rete. In ragione della particolare invasivit\u00e0 che tali dispositivi possono avere nell\u2019ambito della sfera privata degli utenti, l\u2019utilizzo di detti cookie comporta l\u2019acquisizione preventiva del consenso informato dell\u2019utente attraverso il banner visibile allo stesso al primo accesso o, successivamente, mediante altro accorgimento tecnico che indichi, anche in modo essenziale (ad esempio, nel footer di ogni pagina del dominio) lo stato dei consensi in precedenza resi dall\u2019utente consentendone l\u2019eventuale modifica o aggiornamento.<\/p>\n<p>&nbsp;<\/p>\n<ul>\n<li><strong>Cookie di terze parti<\/strong><\/li>\n<\/ul>\n<p>I cookie di terze parti sono cookie impostati direttamente da gestori di siti o web server diversi (utilizzati per finalit\u00e0 proprie di dette parti terze) che, nel corso della navigazione su questo sito, l\u2019utente potrebbe ricevere sul proprio dispositivo. Ci\u00f2 accade perch\u00e9 sul sito possono essere presenti elementi come, ad esempio, immagini, mappe, specifici link a pagine web di altri domini che risiedono su server diversi da quello sul quale si trova la pagina web richiesta. Tali cookie possono essere inviati al browser dell\u2019utente da soggetti terzi direttamente dai loro siti web (cui \u00e8 possibile accedere navigando dal sito) e rientrano nella responsabilit\u00e0 di detti terzi. L\u2019utilizzo dei cookie di terze parti comporta l\u2019acquisizione preventiva del consenso informato dell\u2019utente attraverso il banner visibile allo stesso su questo sito web.<\/p>\n<p>Un esempio \u00e8 rappresentato da \u201ccookie di terze parti\u201d utilizzati per personalizzare l\u2019esposizione pubblicitaria a seconda dell\u2019interesse dell\u2019utente e della frequenza di esposizione al messaggio (gli inserzionisti pubblicitari, a titolo indicativo, potrebbero usare i propri cookie per raccogliere informazioni sulle attivit\u00e0 compiute dagli utenti sul sito web ed utilizzare queste informazioni anche per misurare l\u2019efficacia della loro pubblicit\u00e0) oppure dalla presenza dei \u201csocial plugin\u201d per Facebook, Twitter, Instagram, LinkedIn, YouTube, il cui utilizzo pi\u00f9 comune \u00e8 finalizzato alla condivisione dei contenuti sui social network. Si tratta di parti della pagina visitata generate direttamente dai suddetti siti ed integrati nella pagina del sito ospitante: la presenza di questi\u00a0plugin<em>\u00a0<\/em>comporta la trasmissione di cookie da e verso tutti i siti gestiti da terze parti. Dal momento in cui l\u2019utente clicca sulle eventuali icone dei social network stessi, viene indirizzato ai rispettivi siti e da questi riceve cookie che non sono sotto il controllo del Titolare. La gestione dei cookie di terze parti, cos\u00ec come la gestione delle informazioni raccolte da terze parti, \u00e8 disciplinata dalle relative \u201ccookie policy\u201d cui si prega di fare riferimento. Per garantire una maggiore trasparenza, si riportano qui di seguito\u00a0i link aggiornati alle rispettive informative contenenti le modalit\u00e0 per la gestione dei cookie:<\/p>\n<p>Facebook:\u00a0\u00a0\u00a0 <a href=\"https:\/\/www.facebook.com\/help\/cookies\/\">https:\/\/www.facebook.com\/help\/cookies\/<\/a><\/p>\n<p>Twitter:\u00a0\u00a0\u00a0\u00a0\u00a0\u00a0 <a href=\"https:\/\/support.twitter.com\/articles\/20170514\">https:\/\/support.twitter.com\/articles\/20170514<\/a><\/p>\n<p>Instagram:\u00a0 <a href=\"https:\/\/www.instagram.com\/help\/cookies\/\">https:\/\/www.instagram.com\/help\/cookies\/<\/a><\/p>\n<p>Linkedin:\u00a0\u00a0\u00a0\u00a0\u00a0 <a href=\"https:\/\/www.linkedin.com\/legal\/cookie-policy\">https:\/\/www.linkedin.com\/legal\/cookie-policy<\/a><\/p>\n<p>YouTube:\u00a0\u00a0\u00a0\u00a0<a href=\"https:\/\/www.google.com\/intl\/it\/policies\/privacy\">http:\/\/www.google.com\/intl\/it\/policies\/privacy<\/a><\/p>\n<p>&nbsp;<\/p>\n<p><strong>Cookie utilizzati sul sito web<\/strong><\/p>\n<p>Su questo sito web sono operativi cookie esclusivamente di tipo \u201ca. Cookie tecnici\u201d<\/p>\n<p>In particolare:<\/p>\n<p>Cookie: Google Analytics<\/p>\n<p>Tipologia: di terze parti persistente<\/p>\n<p>Scopo: analisi statistiche delle visite\/accessi sul web<\/p>\n<p>Link informativa terze parti:\u00a0<a href=\"https:\/\/www.google.com\/intl\/it\/policies\/privacy\/\">http:\/\/www.google.com\/intl\/it\/policies\/privacy\/<\/a><\/p>\n<p>Luogo del trattamento: Irlanda, con funzionalit\u00e0 volta a consentire di archiviare i dati in una specifica localit\u00e0 geografica (entro l\u2019UE) ai residenti dell\u2019Unione Europea (o dello Spazio Economico Europeo).<\/p>\n<p>Non viene fatto uso di cookie per la profilazione degli utenti, n\u00e9 vengono impiegati altri metodi di tracciamento su questo sito web. Per quanto riguarda i cookie di terze parti, il nostro sito include talune componenti trasmesse da Google Analytics, un servizio di analisi del traffico web fornito da Google Ireland Limited (\u201cGoogle\u201d): le informazioni generate dai cookie di terze parti raccolti e gestiti in modo anonimo per monitorare e migliorare le prestazioni del sito ospite (performance cookie) vengono trasmesse a Google e depositate presso i propri server. Google Analytics utilizza i \u201ccookie\u201d\u00a0per raccogliere e analizzare in forma anonima le informazioni sui comportamenti di utilizzo dei siti web (compreso l\u2019indirizzo IP dell\u2019utente). Tali informazioni vengono raccolte da Google Analytics, che le elabora allo scopo di redigere report per gli operatori riguardanti le attivit\u00e0 sui siti web stessi. Questo sito non utilizza (e non consente a terzi di utilizzare) lo strumento di analisi di Google per monitorare o per raccogliere informazioni personali di identificazione. Google non associa l\u2019indirizzo IP a nessun altro dato posseduto da Google n\u00e9 cerca di collegare un indirizzo IP con l\u2019identit\u00e0 di un utente: a tale proposito si rimanda opportunamente alle informative pubblicate sul sito di Google\u00a0 <a href=\"https:\/\/www.google.com\/intl\/it\/policies\/privacy\/\">https:\/\/www.google.com\/intl\/it\/policies\/privacy\/<\/a>. Google pu\u00f2 anche comunicare queste informazioni a terzi ove ci\u00f2 sia imposto dalla legge o laddove tali terzi trattino le suddette informazioni per conto di Google. Per ulteriori informazioni, si rinvia al link di seguito indicato:\u00a0 <a href=\"https:\/\/www.google.it\/policies\/privacy\/partners\/\">https:\/\/www.google.it\/policies\/privacy\/partners\/<\/a>. L\u2019utente pu\u00f2 disabilitare in modo selettivo l\u2019azione di Google Analytics selezionando l\u2019impostazione appropriata sul browser: si rinvia al link\u00a0 <a href=\"https:\/\/tools.google.com\/dlpage\/gaoptout\">https:\/\/tools.google.com\/dlpage\/gaoptout<\/a>. Per una descrizione specifica e analitica dei cookie installati dal sito, si rimanda alla voce \u201cDettagli\u201d selezionando il pulsante presente su apposito banner.<\/p>\n<p><span style=\"color: #ed8b23;\">\u00a0<\/span><\/p>\n<p><span style=\"color: #000000;\"><strong>Rifiutare e bloccare i cookie<\/strong><\/span><\/p>\n<p>La maggioranza dei browser Internet sono inizialmente impostati per accettare i cookie in modo automatico. Ci\u00f2 significa che l\u2019utente ha la possibilit\u00e0, in ogni momento, di impostare il proprio browser in modo da accettare tutti i cookie, solo alcuni, oppure di rifiutarli, disabilitandone l\u2019uso da parte dei siti web. Le preferenze relative ai cookie, in termini di autorizzazione, blocco o cancellazione (in tutto o in parte) devono essere impostate separatamente per ciascun browser, poich\u00e9 ognuno di essi offre funzionalit\u00e0 e opzioni specifiche. Inoltre, si pu\u00f2 normalmente impostare le preferenze del browser in modo tale da essere avvisato ogni volta che un cookie viene memorizzato sul proprio dispositivo. \u00a0Al termine di ogni sessione di navigazione, infine, \u00e8 possibile cancellare dal disco fisso del dispositivo i cookie raccolti. La disabilitazione totale o parziale dei cookie tecnici pu\u00f2 compromettere, in tutto o in parte, l\u2019utilizzo delle funzionalit\u00e0 del sito riservate agli utenti, la visione dei contenuti e la fruibilit\u00e0 dei relativi servizi: inibire i cookie di funzionalit\u00e0 pu\u00f2 comportare infatti che alcuni servizi o determinate funzioni del sito non siano disponibili o non funzionino correttamente. La disabilitazione dei cookie di terze parti non pregiudica invece, in alcun modo, la navigabilit\u00e0 su questo sito web.<\/p>\n<p>Le proprie preferenze in riferimento ai cookie andranno reimpostate nel caso in cui si utilizzino diversi dispositivi o browser per accedere al sito web. I browser consentono inoltre di definire impostazioni diverse per i cookie di \u201cprime parti\u201d e per quelli di \u201cterze parti\u201d. Selezionando i collegamenti sottostanti \u00e8 possibile ricevere istruzioni specifiche per alcuni dei principali browser:<\/p>\n<p><em>Microsoft Windows Explorer:<\/em><\/p>\n<p><a href=\"http:\/\/windows.microsoft.com\/it-it\/internet-explorer\/delete-manage-cookies#ie=ie-10\">Gestione e Cancellazione dei Cookie in Microsoft Internet Explorer<\/a><\/p>\n<p><em>Microsoft Edge:<\/em><\/p>\n<p><a href=\"https:\/\/support.microsoft.com\/it-it\/microsoft-edge\/eliminare-i-cookie-in-microsoft-edge-63947406-40ac-c3b8-57b9-2a946a29ae09\">Gestione e Cancellazione dei Cookie in Microsoft Edge<\/a><\/p>\n<p><em>Google Chrome:<\/em><\/p>\n<p><a href=\"https:\/\/support.google.com\/chrome\/answer\/95647?hl=it\">Gestione e Cancellazione dei Cookie in Coogle Chrome<\/a><\/p>\n<p><em>Mozilla Firefox:<\/em><\/p>\n<p><a href=\"http:\/\/support.mozilla.org\/it\/kb\/Eliminare%20i%20cookie\">Gestione e Cancellazione dei Cookie in Mozilla Firefox<\/a><\/p>\n<p><em>Opera:<\/em><\/p>\n<p><a href=\"http:\/\/www.opera.com\/help\/tutorials\/security\/privacy\/\">Gestione e Cancellazione dei Cookie in Opera<\/a><\/p>\n<p><em>Apple Safari:<\/em><\/p>\n<p><a href=\"https:\/\/support.apple.com\/it-it\/guide\/safari\/sfri11471\/mac\">Gestione e Cancellazione dei Cookie in Apple Safari<\/a><\/p>\n<p>&nbsp;<\/p>\n<p>Per saperne di pi\u00f9 sui cookie, in generale, si invita a visitare la pagina\u00a0<a href=\"https:\/\/allaboutcookies.org\/\">www.allaboutcookies.org<\/a><\/p>\n<p>[\/et_pb_text][\/et_pb_column][\/et_pb_row][\/et_pb_section]<\/p>\n","protected":false},"excerpt":{"rendered":"<p>Cookie PolicyDi seguito vi informiamo circa l\u2019operativit\u00e0 dei cookie sul sito web\u00a0https:\/\/www.criticalservice.it\/. Il nostro sito web utilizza cookie\u00a0 \u00a0e tecnologie simili per garantire il corretto funzionamento dei servizi offerti e migliorare l\u2019esperienza di uso delle applicazioni online. Il presente documento fornisce informazioni dettagliate sull\u2019uso dei cookie e di tecnologie similari, su come sono utilizzati e [&hellip;]<\/p>\n","protected":false},"author":2,"featured_media":0,"parent":0,"menu_order":0,"comment_status":"closed","ping_status":"closed","template":"","meta":{"_et_pb_use_builder":"on","_et_pb_old_content":"","_et_gb_content_width":"","footnotes":""},"class_list":["post-985","page","type-page","status-publish","hentry"],"_links":{"self":[{"href":"https:\/\/www.criticalservice.it\/index.php\/wp-json\/wp\/v2\/pages\/985","targetHints":{"allow":["GET"]}}],"collection":[{"href":"https:\/\/www.criticalservice.it\/index.php\/wp-json\/wp\/v2\/pages"}],"about":[{"href":"https:\/\/www.criticalservice.it\/index.php\/wp-json\/wp\/v2\/types\/page"}],"author":[{"embeddable":true,"href":"https:\/\/www.criticalservice.it\/index.php\/wp-json\/wp\/v2\/users\/2"}],"replies":[{"embeddable":true,"href":"https:\/\/www.criticalservice.it\/index.php\/wp-json\/wp\/v2\/comments?post=985"}],"version-history":[{"count":4,"href":"https:\/\/www.criticalservice.it\/index.php\/wp-json\/wp\/v2\/pages\/985\/revisions"}],"predecessor-version":[{"id":1002,"href":"https:\/\/www.criticalservice.it\/index.php\/wp-json\/wp\/v2\/pages\/985\/revisions\/1002"}],"wp:attachment":[{"href":"https:\/\/www.criticalservice.it\/index.php\/wp-json\/wp\/v2\/media?parent=985"}],"curies":[{"name":"wp","href":"https:\/\/api.w.org\/{rel}","templated":true}]}}