{"id":1208,"date":"2024-11-23T16:34:48","date_gmt":"2024-11-23T16:34:48","guid":{"rendered":"https:\/\/www.criticalservice.it\/?page_id=1208"},"modified":"2024-12-03T16:49:57","modified_gmt":"2024-12-03T16:49:57","slug":"politiche-e-certificazioni","status":"publish","type":"page","link":"https:\/\/www.criticalservice.it\/index.php\/politiche-e-certificazioni\/","title":{"rendered":"Politiche e Certificazioni"},"content":{"rendered":"<p>[et_pb_section fb_built=&#8221;1&#8243; admin_label=&#8221;Hero&#8221; _builder_version=&#8221;4.23.4&#8243; use_background_color_gradient=&#8221;on&#8221; background_color_gradient_direction=&#8221;60deg&#8221; background_color_gradient_stops=&#8221;#8834fd 0%|#c756ec 100%&#8221; background_color_gradient_start=&#8221;#8834fd&#8221; background_color_gradient_end=&#8221;#c756ec&#8221; background_image=&#8221;https:\/\/www.criticalservice.it\/wp-content\/uploads\/2024\/01\/Banner-Cookie-Policy.png&#8221; custom_padding=&#8221;100px|0px|100px|0px&#8221; global_colors_info=&#8221;{}&#8221;][et_pb_row _builder_version=&#8221;4.23.4&#8243; _module_preset=&#8221;default&#8221; global_colors_info=&#8221;{}&#8221;][et_pb_column type=&#8221;4_4&#8243; _builder_version=&#8221;4.23.4&#8243; _module_preset=&#8221;default&#8221; global_colors_info=&#8221;{}&#8221;][et_pb_text _builder_version=&#8221;4.23.4&#8243; _module_preset=&#8221;default&#8221; text_font=&#8221;Poppins|700|||||||&#8221; text_text_color=&#8221;#FFFFFF&#8221; text_font_size=&#8221;66px&#8221; text_line_height=&#8221;1em&#8221; text_orientation=&#8221;center&#8221; locked=&#8221;off&#8221; global_colors_info=&#8221;{}&#8221;]<\/p>\n<p>Politiche e Certificazioni<\/p>\n<p>[\/et_pb_text][et_pb_divider divider_weight=&#8221;13px&#8221; _builder_version=&#8221;4.23.4&#8243; _module_preset=&#8221;default&#8221; global_colors_info=&#8221;{}&#8221;][\/et_pb_divider][\/et_pb_column][\/et_pb_row][\/et_pb_section][et_pb_section fb_built=&#8221;1&#8243; _builder_version=&#8221;4.16&#8243; background_color=&#8221;#fafafc&#8221; module_alignment=&#8221;center&#8221; custom_padding=&#8221;100px|0px|100px|0px&#8221; global_colors_info=&#8221;{}&#8221;][et_pb_row _builder_version=&#8221;4.23.4&#8243; _module_preset=&#8221;default&#8221; global_colors_info=&#8221;{}&#8221;][et_pb_column type=&#8221;4_4&#8243; _builder_version=&#8221;4.23.4&#8243; _module_preset=&#8221;default&#8221; global_colors_info=&#8221;{}&#8221;][et_pb_text _builder_version=&#8221;4.23.4&#8243; _module_preset=&#8221;default&#8221; text_font=&#8221;Poppins|300|||||||&#8221; text_text_color=&#8221;#000000&#8243; text_font_size=&#8221;21px&#8221; text_line_height=&#8221;1.9em&#8221; global_colors_info=&#8221;{}&#8221;]<\/p>\n<p>Benvenuti nella nostra sezione dedicata alle <strong>Politiche e Certificazioni<\/strong>, un&#8217;area fondamentale che riflette il nostro impegno verso l&#8217;eccellenza, la sostenibilit\u00e0 e la qualit\u00e0 in ogni aspetto della nostra attivit\u00e0.<\/p>\n<p>In questa pagina, condivideremo le politiche aziendali che guidano le nostre decisioni e azioni quotidiane, nonch\u00e9 le certificazioni ottenute, che attestano il nostro rispetto per le normative internazionali e le migliori pratiche in materia di <strong>qualit\u00e0<\/strong>, <strong>sicurezza<\/strong>, <strong>ambiente<\/strong> e <strong>responsabilit\u00e0 sociale<\/strong>.<\/p>\n<p>La nostra azienda \u00e8 fortemente orientata verso il miglioramento continuo e l\u2019adozione di standard riconosciuti a livello globale, in modo da garantire ai nostri clienti, partner e dipendenti il massimo livello di fiducia e soddisfazione.<\/p>\n<p>Scoprite di pi\u00f9 sulle nostre politiche e sulle certificazioni che ci permettono di operare con responsabilit\u00e0, trasparenza e un forte orientamento al futuro.<\/p>\n<p>[\/et_pb_text][\/et_pb_column][\/et_pb_row][et_pb_row column_structure=&#8221;1_3,1_3,1_3&#8243; _builder_version=&#8221;4.27.3&#8243; _module_preset=&#8221;default&#8221; global_colors_info=&#8221;{}&#8221;][et_pb_column type=&#8221;1_3&#8243; _builder_version=&#8221;4.27.3&#8243; _module_preset=&#8221;default&#8221; global_colors_info=&#8221;{}&#8221;][et_pb_blurb url=&#8221;https:\/\/www.criticalservice.it\/wp-content\/uploads\/2024\/12\/PO-SGI-A5.1.01-POLITICA-QUALITA-E-SICUREZZA-INFORMAZIONI-E-LA-PROTEZIONE-DEI-DATI.pdf&#8221; url_new_window=&#8221;on&#8221; image=&#8221;https:\/\/www.criticalservice.it\/wp-content\/uploads\/2024\/11\/logo-pdf-1-e1732380133107.png&#8221; _builder_version=&#8221;4.27.4&#8243; _module_preset=&#8221;default&#8221; hover_enabled=&#8221;0&#8243; global_colors_info=&#8221;{}&#8221; sticky_enabled=&#8221;0&#8243;]<\/p>\n<p style=\"text-align: center;\"><strong>PO-SGI-A5.1.01- POLITICA PER LA QUALITA&#8217; E LA SICUREZZA DELLE INFORMAZIONI E LA PROTEZIONE DEI DATI<\/strong><\/p>\n<p>[\/et_pb_blurb][\/et_pb_column][et_pb_column type=&#8221;1_3&#8243; _builder_version=&#8221;4.27.3&#8243; _module_preset=&#8221;default&#8221; global_colors_info=&#8221;{}&#8221;][et_pb_blurb url=&#8221;https:\/\/www.criticalservice.it\/wp-content\/uploads\/2024\/12\/PO-SGI-A5.1.04-POLITICA-PER-LA-CONTINUITA-OPERATIVA.pdf&#8221; url_new_window=&#8221;on&#8221; image=&#8221;https:\/\/www.criticalservice.it\/wp-content\/uploads\/2024\/11\/logo-pdf-1-e1732380133107.png&#8221; _builder_version=&#8221;4.27.4&#8243; _module_preset=&#8221;default&#8221; hover_enabled=&#8221;0&#8243; global_colors_info=&#8221;{}&#8221; sticky_enabled=&#8221;0&#8243;]<\/p>\n<p style=\"text-align: center;\"><strong>PO-SGI-A5.1.04- POLITICA PER LA CONTINUITA&#8217; OPERATIVA<\/strong><\/p>\n<p>[\/et_pb_blurb][\/et_pb_column][et_pb_column type=&#8221;1_3&#8243; _builder_version=&#8221;4.27.3&#8243; _module_preset=&#8221;default&#8221; global_colors_info=&#8221;{}&#8221;][\/et_pb_column][\/et_pb_row][\/et_pb_section]<\/p>\n","protected":false},"excerpt":{"rendered":"<p>Politiche e CertificazioniBenvenuti nella nostra sezione dedicata alle Politiche e Certificazioni, un&#8217;area fondamentale che riflette il nostro impegno verso l&#8217;eccellenza, la sostenibilit\u00e0 e la qualit\u00e0 in ogni aspetto della nostra attivit\u00e0. In questa pagina, condivideremo le politiche aziendali che guidano le nostre decisioni e azioni quotidiane, nonch\u00e9 le certificazioni ottenute, che attestano il nostro rispetto [&hellip;]<\/p>\n","protected":false},"author":1,"featured_media":0,"parent":0,"menu_order":0,"comment_status":"closed","ping_status":"closed","template":"","meta":{"_et_pb_use_builder":"on","_et_pb_old_content":"","_et_gb_content_width":"","footnotes":""},"class_list":["post-1208","page","type-page","status-publish","hentry"],"_links":{"self":[{"href":"https:\/\/www.criticalservice.it\/index.php\/wp-json\/wp\/v2\/pages\/1208","targetHints":{"allow":["GET"]}}],"collection":[{"href":"https:\/\/www.criticalservice.it\/index.php\/wp-json\/wp\/v2\/pages"}],"about":[{"href":"https:\/\/www.criticalservice.it\/index.php\/wp-json\/wp\/v2\/types\/page"}],"author":[{"embeddable":true,"href":"https:\/\/www.criticalservice.it\/index.php\/wp-json\/wp\/v2\/users\/1"}],"replies":[{"embeddable":true,"href":"https:\/\/www.criticalservice.it\/index.php\/wp-json\/wp\/v2\/comments?post=1208"}],"version-history":[{"count":8,"href":"https:\/\/www.criticalservice.it\/index.php\/wp-json\/wp\/v2\/pages\/1208\/revisions"}],"predecessor-version":[{"id":1231,"href":"https:\/\/www.criticalservice.it\/index.php\/wp-json\/wp\/v2\/pages\/1208\/revisions\/1231"}],"wp:attachment":[{"href":"https:\/\/www.criticalservice.it\/index.php\/wp-json\/wp\/v2\/media?parent=1208"}],"curies":[{"name":"wp","href":"https:\/\/api.w.org\/{rel}","templated":true}]}}